{"id":1761,"date":"2016-09-30T13:29:30","date_gmt":"2016-09-30T13:29:30","guid":{"rendered":"http:\/\/shuffle.edge-themes.com\/?page_id=1761"},"modified":"2023-10-26T06:51:41","modified_gmt":"2023-10-26T04:51:41","slug":"contact-page-1","status":"publish","type":"page","link":"https:\/\/www.digstudiomusic.com\/?page_id=1761","title":{"rendered":"Contacts"},"content":{"rendered":"<div class=\"wpb-content-wrapper\"><p>[vc_row content_width=\u00a0\u00bbgrid\u00a0\u00bb css=\u00a0\u00bb.vc_custom_1599403089581{padding-top: 100px !important;padding-bottom: 128px !important;}\u00a0\u00bb][vc_column width=\u00a0\u00bb1\/2&Prime; offset=\u00a0\u00bbvc_col-lg-3 vc_col-md-6 vc_col-xs-12&Prime;][vc_empty_space height=\u00a0\u00bb100&Prime;][vc_column_text css_animation=\u00a0\u00bbbounceInDown\u00a0\u00bb]<\/p>\n<h5 style=\"color: #000000; text-align: left;\">N&rsquo;h\u00e9sitez pas \u00e0 nous contacter pour toute demande d&rsquo;informations ou de devis soit par mail \u00e0 l&rsquo;adresse :<\/h5>\n<h5 style=\"color: #750000; text-align: left;\"><span style=\"color: #750000;\"><a style=\"color: #750000;\" href=\"mailto:contact@digstudiomusic.com\">contact@digstudiomusic.com<\/a><\/span><\/h5>\n<p>[\/vc_column_text][vc_empty_space height=\u00a0\u00bb20&Prime;][vc_column_text css_animation=\u00a0\u00bbbounceInDown\u00a0\u00bb]<\/p>\n<h5 style=\"color: #000000; text-align: left;\">ou par t\u00e9l\u00e9phone au : <strong><br \/>\n<\/strong><\/h5>\n<h5 style=\"color: #750000; text-align: left;\">07 67 72 73 28<\/h5>\n<p>[\/vc_column_text][vc_empty_space height=\u00a0\u00bb40px\u00a0\u00bb][\/vc_column][vc_column offset=\u00a0\u00bbvc_col-lg-6 vc_col-md-12 vc_col-xs-12&Prime;]\n<h3 class=\"edgtf-custom-font-holder\" style=\"font-family: Black Ops One;font-size: 55px;font-weight: 400;text-align: left;color: #750000\" data-font-size= 55>\n\tContactez-nous\t<\/h3>[vc_row_inner content_aligment=\u00a0\u00bbright\u00a0\u00bb css=\u00a0\u00bb.vc_custom_1475242788593{padding-top: 30px !important;}\u00a0\u00bb][vc_column_inner]\n<div class=\"wpcf7 no-js\" id=\"wpcf7-f1766-o1\" lang=\"en-US\" dir=\"ltr\">\n<div class=\"screen-reader-response\"><p role=\"status\" aria-live=\"polite\" aria-atomic=\"true\"><\/p> <ul><\/ul><\/div>\n<form action=\"\/index.php?rest_route=%2Fwp%2Fv2%2Fpages%2F1761#wpcf7-f1766-o1\" method=\"post\" class=\"wpcf7-form init\" aria-label=\"Contact form\" novalidate=\"novalidate\" data-status=\"init\">\n<div style=\"display: none;\">\n<input type=\"hidden\" name=\"_wpcf7\" value=\"1766\" \/>\n<input type=\"hidden\" name=\"_wpcf7_version\" value=\"5.8.5\" \/>\n<input type=\"hidden\" name=\"_wpcf7_locale\" value=\"en_US\" \/>\n<input type=\"hidden\" name=\"_wpcf7_unit_tag\" value=\"wpcf7-f1766-o1\" \/>\n<input type=\"hidden\" name=\"_wpcf7_container_post\" value=\"0\" \/>\n<input type=\"hidden\" name=\"_wpcf7_posted_data_hash\" value=\"\" \/>\n<\/div>\n<div>\n\t<p><span class=\"wpcf7-form-control-wrap\" data-name=\"your-message\"><textarea cols=\"40\" rows=\"10\" class=\"wpcf7-form-control wpcf7-textarea wpcf7-validates-as-required\" aria-required=\"true\" aria-invalid=\"false\" placeholder=\"Message\" name=\"your-message\"><\/textarea><\/span>\n\t<\/p>\n<\/div>\n<div>\n\t<p><span class=\"wpcf7-form-control-wrap\" data-name=\"your-name\"><input size=\"40\" class=\"wpcf7-form-control wpcf7-text wpcf7-validates-as-required\" aria-required=\"true\" aria-invalid=\"false\" placeholder=\"Nom\" value=\"\" type=\"text\" name=\"your-name\" \/><\/span>\n\t<\/p>\n<\/div>\n<div>\n\t<p><span class=\"wpcf7-form-control-wrap\" data-name=\"email\"><input size=\"40\" class=\"wpcf7-form-control wpcf7-email wpcf7-validates-as-required wpcf7-text wpcf7-validates-as-email\" aria-required=\"true\" aria-invalid=\"false\" placeholder=\"E-mail\" value=\"\" type=\"email\" name=\"email\" \/><\/span>\n\t<\/p>\n<\/div>\n<div>\n\t<p><input class=\"wpcf7-form-control wpcf7-submit has-spinner\" type=\"submit\" value=\"Envoyer\" \/>\n\t<\/p>\n<\/div><div class=\"wpcf7-response-output\" aria-hidden=\"true\"><\/div>\n<\/form>\n<\/div>\n[\/vc_column_inner][\/vc_row_inner][\/vc_column][\/vc_row]<\/p>\n<\/div>","protected":false},"excerpt":{"rendered":"<p>[vc_row content_width=\u00a0\u00bbgrid\u00a0\u00bb css=\u00a0\u00bb.vc_custom_1599403089581{padding-top: 100px !important;padding-bottom: 128px !important;}\u00a0\u00bb][vc_column width=\u00a0\u00bb1\/2&Prime; offset=\u00a0\u00bbvc_col-lg-3 vc_col-md-6 vc_col-xs-12&Prime;][vc_empty_space height=\u00a0\u00bb100&Prime;][vc_column_text css_animation=\u00a0\u00bbbounceInDown\u00a0\u00bb] N&rsquo;h\u00e9sitez pas \u00e0 nous contacter pour toute demande d&rsquo;informations ou de devis soit par mail \u00e0 l&rsquo;adresse : contact@digstudiomusic.com [\/vc_column_text][vc_empty_space height=\u00a0\u00bb20&Prime;][vc_column_text css_animation=\u00a0\u00bbbounceInDown\u00a0\u00bb] ou par t\u00e9l\u00e9phone au : 07 67 72 73 28&#8230;<\/p>\n","protected":false},"author":1,"featured_media":0,"parent":0,"menu_order":0,"comment_status":"closed","ping_status":"closed","template":"full-width.php","meta":{"footnotes":""},"yoast_head":"<!-- This site is optimized with the Yoast SEO plugin v21.7 - https:\/\/yoast.com\/wordpress\/plugins\/seo\/ -->\n<title>Contacts &#8211; Dig Studio Music<\/title>\n<meta name=\"robots\" content=\"index, follow, max-snippet:-1, max-image-preview:large, max-video-preview:-1\" \/>\n<link rel=\"canonical\" href=\"https:\/\/www.digstudiomusic.com\/?page_id=1761\" \/>\n<meta property=\"og:locale\" content=\"fr_FR\" \/>\n<meta property=\"og:type\" content=\"article\" \/>\n<meta property=\"og:title\" content=\"Contacts &#8211; Dig Studio Music\" \/>\n<meta property=\"og:description\" content=\"[vc_row content_width=\u00a0\u00bbgrid\u00a0\u00bb css=\u00a0\u00bb.vc_custom_1599403089581{padding-top: 100px !important;padding-bottom: 128px !important;}\u00a0\u00bb][vc_column width=\u00a0\u00bb1\/2&Prime; offset=\u00a0\u00bbvc_col-lg-3 vc_col-md-6 vc_col-xs-12&Prime;][vc_empty_space height=\u00a0\u00bb100&Prime;][vc_column_text css_animation=\u00a0\u00bbbounceInDown\u00a0\u00bb] N&rsquo;h\u00e9sitez pas \u00e0 nous contacter pour toute demande d&rsquo;informations ou de devis soit par mail \u00e0 l&rsquo;adresse : contact@digstudiomusic.com [\/vc_column_text][vc_empty_space height=\u00a0\u00bb20&Prime;][vc_column_text css_animation=\u00a0\u00bbbounceInDown\u00a0\u00bb] ou par t\u00e9l\u00e9phone au : 07 67 72 73 28...\" \/>\n<meta property=\"og:url\" content=\"https:\/\/www.digstudiomusic.com\/?page_id=1761\" \/>\n<meta property=\"og:site_name\" content=\"Dig Studio Music\" \/>\n<meta property=\"article:publisher\" content=\"https:\/\/fr-fr.facebook.com\/digstudiomusic\/\" \/>\n<meta property=\"article:modified_time\" content=\"2023-10-26T04:51:41+00:00\" \/>\n<meta name=\"twitter:card\" content=\"summary_large_image\" \/>\n<meta name=\"twitter:site\" content=\"@digstudiomusic\" \/>\n<meta name=\"twitter:label1\" content=\"Dur\u00e9e de lecture estim\u00e9e\" \/>\n\t<meta name=\"twitter:data1\" content=\"1 minute\" \/>\n<script type=\"application\/ld+json\" class=\"yoast-schema-graph\">{\"@context\":\"https:\/\/schema.org\",\"@graph\":[{\"@type\":\"WebPage\",\"@id\":\"https:\/\/www.digstudiomusic.com\/?page_id=1761\",\"url\":\"https:\/\/www.digstudiomusic.com\/?page_id=1761\",\"name\":\"Contacts &#8211; Dig Studio Music\",\"isPartOf\":{\"@id\":\"https:\/\/www.digstudiomusic.com\/#website\"},\"datePublished\":\"2016-09-30T13:29:30+00:00\",\"dateModified\":\"2023-10-26T04:51:41+00:00\",\"breadcrumb\":{\"@id\":\"https:\/\/www.digstudiomusic.com\/?page_id=1761#breadcrumb\"},\"inLanguage\":\"fr-FR\",\"potentialAction\":[{\"@type\":\"ReadAction\",\"target\":[\"https:\/\/www.digstudiomusic.com\/?page_id=1761\"]}]},{\"@type\":\"BreadcrumbList\",\"@id\":\"https:\/\/www.digstudiomusic.com\/?page_id=1761#breadcrumb\",\"itemListElement\":[{\"@type\":\"ListItem\",\"position\":1,\"name\":\"Accueil\",\"item\":\"https:\/\/www.digstudiomusic.com\/\"},{\"@type\":\"ListItem\",\"position\":2,\"name\":\"Contacts\"}]},{\"@type\":\"WebSite\",\"@id\":\"https:\/\/www.digstudiomusic.com\/#website\",\"url\":\"https:\/\/www.digstudiomusic.com\/\",\"name\":\"Dig Studio Music\",\"description\":\"Studio\/label\",\"publisher\":{\"@id\":\"https:\/\/www.digstudiomusic.com\/#organization\"},\"potentialAction\":[{\"@type\":\"SearchAction\",\"target\":{\"@type\":\"EntryPoint\",\"urlTemplate\":\"https:\/\/www.digstudiomusic.com\/?s={search_term_string}\"},\"query-input\":\"required name=search_term_string\"}],\"inLanguage\":\"fr-FR\"},{\"@type\":\"Organization\",\"@id\":\"https:\/\/www.digstudiomusic.com\/#organization\",\"name\":\"Dig Studio Music\",\"url\":\"https:\/\/www.digstudiomusic.com\/\",\"logo\":{\"@type\":\"ImageObject\",\"inLanguage\":\"fr-FR\",\"@id\":\"https:\/\/www.digstudiomusic.com\/#\/schema\/logo\/image\/\",\"url\":\"https:\/\/www.digstudiomusic.com\/wp-content\/uploads\/2016\/09\/Digstudio-logo-2017-Black-et-Red.png\",\"contentUrl\":\"https:\/\/www.digstudiomusic.com\/wp-content\/uploads\/2016\/09\/Digstudio-logo-2017-Black-et-Red.png\",\"width\":3058,\"height\":1441,\"caption\":\"Dig Studio Music\"},\"image\":{\"@id\":\"https:\/\/www.digstudiomusic.com\/#\/schema\/logo\/image\/\"},\"sameAs\":[\"https:\/\/fr-fr.facebook.com\/digstudiomusic\/\",\"https:\/\/twitter.com\/digstudiomusic\",\"https:\/\/www.instagram.com\/digstudiomusic\/\",\"https:\/\/fr.linkedin.com\/company\/dig-studio-music\",\"https:\/\/www.youtube.com\/c\/digstudiomusic\"]}]}<\/script>\n<!-- \/ Yoast SEO plugin. -->","yoast_head_json":{"title":"Contacts &#8211; Dig Studio Music","robots":{"index":"index","follow":"follow","max-snippet":"max-snippet:-1","max-image-preview":"max-image-preview:large","max-video-preview":"max-video-preview:-1"},"canonical":"https:\/\/www.digstudiomusic.com\/?page_id=1761","og_locale":"fr_FR","og_type":"article","og_title":"Contacts &#8211; Dig Studio Music","og_description":"[vc_row content_width=\u00a0\u00bbgrid\u00a0\u00bb css=\u00a0\u00bb.vc_custom_1599403089581{padding-top: 100px !important;padding-bottom: 128px !important;}\u00a0\u00bb][vc_column width=\u00a0\u00bb1\/2&Prime; offset=\u00a0\u00bbvc_col-lg-3 vc_col-md-6 vc_col-xs-12&Prime;][vc_empty_space height=\u00a0\u00bb100&Prime;][vc_column_text css_animation=\u00a0\u00bbbounceInDown\u00a0\u00bb] N&rsquo;h\u00e9sitez pas \u00e0 nous contacter pour toute demande d&rsquo;informations ou de devis soit par mail \u00e0 l&rsquo;adresse : contact@digstudiomusic.com [\/vc_column_text][vc_empty_space height=\u00a0\u00bb20&Prime;][vc_column_text css_animation=\u00a0\u00bbbounceInDown\u00a0\u00bb] ou par t\u00e9l\u00e9phone au : 07 67 72 73 28...","og_url":"https:\/\/www.digstudiomusic.com\/?page_id=1761","og_site_name":"Dig Studio Music","article_publisher":"https:\/\/fr-fr.facebook.com\/digstudiomusic\/","article_modified_time":"2023-10-26T04:51:41+00:00","twitter_card":"summary_large_image","twitter_site":"@digstudiomusic","twitter_misc":{"Dur\u00e9e de lecture estim\u00e9e":"1 minute"},"schema":{"@context":"https:\/\/schema.org","@graph":[{"@type":"WebPage","@id":"https:\/\/www.digstudiomusic.com\/?page_id=1761","url":"https:\/\/www.digstudiomusic.com\/?page_id=1761","name":"Contacts &#8211; Dig Studio Music","isPartOf":{"@id":"https:\/\/www.digstudiomusic.com\/#website"},"datePublished":"2016-09-30T13:29:30+00:00","dateModified":"2023-10-26T04:51:41+00:00","breadcrumb":{"@id":"https:\/\/www.digstudiomusic.com\/?page_id=1761#breadcrumb"},"inLanguage":"fr-FR","potentialAction":[{"@type":"ReadAction","target":["https:\/\/www.digstudiomusic.com\/?page_id=1761"]}]},{"@type":"BreadcrumbList","@id":"https:\/\/www.digstudiomusic.com\/?page_id=1761#breadcrumb","itemListElement":[{"@type":"ListItem","position":1,"name":"Accueil","item":"https:\/\/www.digstudiomusic.com\/"},{"@type":"ListItem","position":2,"name":"Contacts"}]},{"@type":"WebSite","@id":"https:\/\/www.digstudiomusic.com\/#website","url":"https:\/\/www.digstudiomusic.com\/","name":"Dig Studio Music","description":"Studio\/label","publisher":{"@id":"https:\/\/www.digstudiomusic.com\/#organization"},"potentialAction":[{"@type":"SearchAction","target":{"@type":"EntryPoint","urlTemplate":"https:\/\/www.digstudiomusic.com\/?s={search_term_string}"},"query-input":"required name=search_term_string"}],"inLanguage":"fr-FR"},{"@type":"Organization","@id":"https:\/\/www.digstudiomusic.com\/#organization","name":"Dig Studio Music","url":"https:\/\/www.digstudiomusic.com\/","logo":{"@type":"ImageObject","inLanguage":"fr-FR","@id":"https:\/\/www.digstudiomusic.com\/#\/schema\/logo\/image\/","url":"https:\/\/www.digstudiomusic.com\/wp-content\/uploads\/2016\/09\/Digstudio-logo-2017-Black-et-Red.png","contentUrl":"https:\/\/www.digstudiomusic.com\/wp-content\/uploads\/2016\/09\/Digstudio-logo-2017-Black-et-Red.png","width":3058,"height":1441,"caption":"Dig Studio Music"},"image":{"@id":"https:\/\/www.digstudiomusic.com\/#\/schema\/logo\/image\/"},"sameAs":["https:\/\/fr-fr.facebook.com\/digstudiomusic\/","https:\/\/twitter.com\/digstudiomusic","https:\/\/www.instagram.com\/digstudiomusic\/","https:\/\/fr.linkedin.com\/company\/dig-studio-music","https:\/\/www.youtube.com\/c\/digstudiomusic"]}]}},"_links":{"self":[{"href":"https:\/\/www.digstudiomusic.com\/index.php?rest_route=\/wp\/v2\/pages\/1761"}],"collection":[{"href":"https:\/\/www.digstudiomusic.com\/index.php?rest_route=\/wp\/v2\/pages"}],"about":[{"href":"https:\/\/www.digstudiomusic.com\/index.php?rest_route=\/wp\/v2\/types\/page"}],"author":[{"embeddable":true,"href":"https:\/\/www.digstudiomusic.com\/index.php?rest_route=\/wp\/v2\/users\/1"}],"replies":[{"embeddable":true,"href":"https:\/\/www.digstudiomusic.com\/index.php?rest_route=%2Fwp%2Fv2%2Fcomments&post=1761"}],"version-history":[{"count":32,"href":"https:\/\/www.digstudiomusic.com\/index.php?rest_route=\/wp\/v2\/pages\/1761\/revisions"}],"predecessor-version":[{"id":10561,"href":"https:\/\/www.digstudiomusic.com\/index.php?rest_route=\/wp\/v2\/pages\/1761\/revisions\/10561"}],"wp:attachment":[{"href":"https:\/\/www.digstudiomusic.com\/index.php?rest_route=%2Fwp%2Fv2%2Fmedia&parent=1761"}],"curies":[{"name":"wp","href":"https:\/\/api.w.org\/{rel}","templated":true}]}}